{"id":122,"date":"2023-04-25T08:56:09","date_gmt":"2023-04-25T08:56:09","guid":{"rendered":"https:\/\/aquasunhotel.vn\/?page_id=122"},"modified":"2026-01-28T09:00:01","modified_gmt":"2026-01-28T09:00:01","slug":"phong-nghi","status":"publish","type":"page","link":"https:\/\/aquasunhotel.vn\/?page_id=122","title":{"rendered":"Ph\u00f2ng ngh\u1ec9"},"content":{"rendered":"\t\t<div data-elementor-type=\"wp-page\" data-elementor-id=\"122\" class=\"elementor elementor-122\" data-elementor-post-type=\"page\">\n\t\t\t\t\t\t<section class=\"elementor-section elementor-top-section elementor-element elementor-element-b395e06 elementor-section-content-middle elementor-section-boxed elementor-section-height-default elementor-section-height-default\" data-id=\"b395e06\" data-element_type=\"section\" data-settings=\"{&quot;background_background&quot;:&quot;classic&quot;}\">\n\t\t\t\t\t\t\t<div class=\"elementor-background-overlay\"><\/div>\n\t\t\t\t\t\t\t<div class=\"elementor-container elementor-column-gap-default\">\n\t\t\t\t\t<div class=\"elementor-column elementor-col-100 elementor-top-column elementor-element elementor-element-c017da6\" data-id=\"c017da6\" data-element_type=\"column\">\n\t\t\t<div class=\"elementor-widget-wrap elementor-element-populated\">\n\t\t\t\t\t\t<div class=\"elementor-element elementor-element-1b70be9 elementor-invisible elementor-widget elementor-widget-heading\" data-id=\"1b70be9\" data-element_type=\"widget\" data-settings=\"{&quot;_animation&quot;:&quot;fadeInDown&quot;}\" data-widget_type=\"heading.default\">\n\t\t\t\t<div class=\"elementor-widget-container\">\n\t\t\t\t\t<h2 class=\"elementor-heading-title elementor-size-default\">Ph\u00f2ng l\u01b0u tr\u00fa<\/h2>\t\t\t\t<\/div>\n\t\t\t\t<\/div>\n\t\t\t\t<div class=\"elementor-element elementor-element-5bf646d elementor-invisible elementor-widget elementor-widget-text-editor\" data-id=\"5bf646d\" data-element_type=\"widget\" data-settings=\"{&quot;_animation&quot;:&quot;fadeIn&quot;,&quot;_animation_delay&quot;:720}\" data-widget_type=\"text-editor.default\">\n\t\t\t\t<div class=\"elementor-widget-container\">\n\t\t\t\t\t\t\t\t\t<p>108 ph\u00f2ng l\u01b0u tr\u00fa v\u1edbi 6 h\u1ea1ng kh\u00e1c nhau, n\u1eb1m t\u1ea1i 8 t\u1ea7ng tr\u00ean c\u00f9ng c\u1ee7a kh\u00e1ch s\u1ea1n v\u1edbi view nh\u00ecn ra bi\u1ec3n, th\u00e0nh ph\u1ed1 ho\u1eb7c \u0111\u1ed3i<\/p>\t\t\t\t\t\t\t\t<\/div>\n\t\t\t\t<\/div>\n\t\t\t\t<div class=\"elementor-element elementor-element-07e6ccd elementor-icon-list--layout-inline elementor-align-center elementor-list-item-link-full_width elementor-invisible elementor-widget elementor-widget-icon-list\" data-id=\"07e6ccd\" data-element_type=\"widget\" data-settings=\"{&quot;_animation&quot;:&quot;fadeInRight&quot;}\" data-widget_type=\"icon-list.default\">\n\t\t\t\t<div class=\"elementor-widget-container\">\n\t\t\t\t\t\t\t<ul class=\"elementor-icon-list-items elementor-inline-items\">\n\t\t\t\t\t\t\t<li class=\"elementor-icon-list-item elementor-inline-item\">\n\t\t\t\t\t\t\t\t\t\t\t<a href=\"\/\">\n\n\t\t\t\t\t\t\t\t\t\t\t\t<span class=\"elementor-icon-list-icon\">\n\t\t\t\t\t\t\t<i aria-hidden=\"true\" class=\"icomoon icomoon-home\"><\/i>\t\t\t\t\t\t<\/span>\n\t\t\t\t\t\t\t\t\t\t<span class=\"elementor-icon-list-text\">Trang ch\u1ee7<\/span>\n\t\t\t\t\t\t\t\t\t\t\t<\/a>\n\t\t\t\t\t\t\t\t\t<\/li>\n\t\t\t\t\t\t\t\t<li class=\"elementor-icon-list-item elementor-inline-item\">\n\t\t\t\t\t\t\t\t\t\t\t<span class=\"elementor-icon-list-icon\">\n\t\t\t\t\t\t\t<i aria-hidden=\"true\" class=\"fas fa-chevron-right\"><\/i>\t\t\t\t\t\t<\/span>\n\t\t\t\t\t\t\t\t\t\t<span class=\"elementor-icon-list-text\">Ph\u00f2ng ngh\u1ec9<\/span>\n\t\t\t\t\t\t\t\t\t<\/li>\n\t\t\t\t\t\t<\/ul>\n\t\t\t\t\t\t<\/div>\n\t\t\t\t<\/div>\n\t\t\t\t<div class=\"elementor-element elementor-element-a285e6c elementor-widget-divider--view-line elementor-widget elementor-widget-divider\" data-id=\"a285e6c\" data-element_type=\"widget\" data-widget_type=\"divider.default\">\n\t\t\t\t<div class=\"elementor-widget-container\">\n\t\t\t\t\t\t\t<div class=\"elementor-divider\">\n\t\t\t<span class=\"elementor-divider-separator\">\n\t\t\t\t\t\t<\/span>\n\t\t<\/div>\n\t\t\t\t\t\t<\/div>\n\t\t\t\t<\/div>\n\t\t\t\t\t<\/div>\n\t\t<\/div>\n\t\t\t\t\t<\/div>\n\t\t<\/section>\n\t\t\t\t<section class=\"elementor-section elementor-top-section elementor-element elementor-element-167c820 elementor-section-boxed elementor-section-height-default elementor-section-height-default\" data-id=\"167c820\" data-element_type=\"section\">\n\t\t\t\t\t\t<div class=\"elementor-container elementor-column-gap-default\">\n\t\t\t\t\t<div class=\"elementor-column elementor-col-100 elementor-top-column elementor-element elementor-element-8681474\" data-id=\"8681474\" data-element_type=\"column\">\n\t\t\t<div class=\"elementor-widget-wrap elementor-element-populated\">\n\t\t\t\t\t\t<div class=\"elementor-element elementor-element-381d5c9 elementor-widget elementor-widget-spacer\" data-id=\"381d5c9\" data-element_type=\"widget\" data-widget_type=\"spacer.default\">\n\t\t\t\t<div class=\"elementor-widget-container\">\n\t\t\t\t\t\t\t<div class=\"elementor-spacer\">\n\t\t\t<div class=\"elementor-spacer-inner\"><\/div>\n\t\t<\/div>\n\t\t\t\t\t\t<\/div>\n\t\t\t\t<\/div>\n\t\t\t\t<section class=\"elementor-section elementor-inner-section elementor-element elementor-element-2d4e1dd elementor-section-boxed elementor-section-height-default elementor-section-height-default\" data-id=\"2d4e1dd\" data-element_type=\"section\">\n\t\t\t\t\t\t<div class=\"elementor-container elementor-column-gap-default\">\n\t\t\t\t\t<div class=\"elementor-column elementor-col-33 elementor-inner-column elementor-element elementor-element-68113b9\" data-id=\"68113b9\" data-element_type=\"column\">\n\t\t\t<div class=\"elementor-widget-wrap elementor-element-populated\">\n\t\t\t\t\t\t<div class=\"elementor-element elementor-element-c7c7010 ekit-equal-height-enable elementor-widget elementor-widget-elementskit-image-box\" data-id=\"c7c7010\" data-element_type=\"widget\" data-widget_type=\"elementskit-image-box.default\">\n\t\t\t\t<div class=\"elementor-widget-container\">\n\t\t\t\t\t<div class=\"ekit-wid-con\" >\n            <div class=\"elementskit-info-image-box ekit-image-box text-left style-sideline\" >\n\n                <a href=\"https:\/\/aquasunhotel.vn\/room\/aqua-suite-2-bedroom-with-sea-view\/\">\n                <div class=\"elementskit-box-header image-box-img-left\">\n\n                    <img fetchpriority=\"high\" decoding=\"async\" width=\"2048\" height=\"1367\" src=\"https:\/\/aquasunhotel.vn\/wp-content\/uploads\/2023\/08\/Amenaties_Aqua-Suite-3.jpg\" class=\"attachment-full size-full wp-image-2815\" alt=\"\" srcset=\"https:\/\/aquasunhotel.vn\/wp-content\/uploads\/2023\/08\/Amenaties_Aqua-Suite-3.jpg 2048w, https:\/\/aquasunhotel.vn\/wp-content\/uploads\/2023\/08\/Amenaties_Aqua-Suite-3-300x200.jpg 300w, https:\/\/aquasunhotel.vn\/wp-content\/uploads\/2023\/08\/Amenaties_Aqua-Suite-3-1024x684.jpg 1024w, https:\/\/aquasunhotel.vn\/wp-content\/uploads\/2023\/08\/Amenaties_Aqua-Suite-3-768x513.jpg 768w, https:\/\/aquasunhotel.vn\/wp-content\/uploads\/2023\/08\/Amenaties_Aqua-Suite-3-1536x1025.jpg 1536w\" sizes=\"(max-width: 2048px) 100vw, 2048px\" \/>\n                <\/div>\n                <\/a>\n                <div class=\"elementskit-box-body ekit-image-box-body\">\n                    <div class=\"elementskit-box-content ekit-image-box-body-inner\">\n                                                <h3 class=\"elementskit-info-box-title\">\n\n                        Aqua Suite 2 bedroom with Sea view\n                        \n                    <\/h3>\n                                                            <div class=\"elementskit-box-style-content\">\n                        H\u1ea1ng ph\u00f2ng Suite sang tr\u1ecdng \u0111\u01b0\u1ee3c thi\u1ebft k\u1ebf v\u1edbi 2 ph\u00f2ng ng\u1ee7 c\u00f9ng t\u1ea7m nh\u00ecn tr\u1ef1c di\u1ec7n bi\u1ec3n t\u1eeb 2 t\u1ea7ng cao nh\u1ea5t c\u1ee7a kh\u00e1ch s\u1ea1n s\u1ebd gi\u00fap b\u1ea1n t\u00e1i t\u1ea1o v\u00e0 kh\u01a1i d\u1eady ngu\u1ed3n n\u0103ng l\u01b0\u1ee3ng tuy\u1ec7t v\u1eddi cho ng\u00e0y m\u1edbi v\u1edbi ph\u1ea7n l\u1edbn t\u1ea7m nh\u00ecn l\u00e0 \u0111\u1ea1i d\u01b0\u01a1ng v\u1edbi \u0111\u01b0\u1eddng ch\u00e2n tr\u1eddi bao la.                     <\/div>\n                                    <\/div>\n\n                            <\/div>\n            <\/div>\n    <\/div>\t\t\t\t<\/div>\n\t\t\t\t<\/div>\n\t\t\t\t\t<\/div>\n\t\t<\/div>\n\t\t\t\t<div class=\"elementor-column elementor-col-33 elementor-inner-column elementor-element elementor-element-4ebcdfc\" data-id=\"4ebcdfc\" data-element_type=\"column\">\n\t\t\t<div class=\"elementor-widget-wrap elementor-element-populated\">\n\t\t\t\t\t\t<div class=\"elementor-element elementor-element-cfa92c8 ekit-equal-height-enable elementor-widget elementor-widget-elementskit-image-box\" data-id=\"cfa92c8\" data-element_type=\"widget\" data-widget_type=\"elementskit-image-box.default\">\n\t\t\t\t<div class=\"elementor-widget-container\">\n\t\t\t\t\t<div class=\"ekit-wid-con\" >\n            <div class=\"elementskit-info-image-box ekit-image-box text-left style-sideline\" >\n\n                <a href=\"https:\/\/aquasunhotel.vn\/room\/helios-suite-with-sea-view\/\">\n                <div class=\"elementskit-box-header image-box-img-left\">\n\n                    <img decoding=\"async\" width=\"2048\" height=\"1367\" src=\"https:\/\/aquasunhotel.vn\/wp-content\/uploads\/2023\/08\/recal-media-ueBIGLmiI5A-unsplash.jpg\" class=\"attachment-full size-full wp-image-2819\" alt=\"\" srcset=\"https:\/\/aquasunhotel.vn\/wp-content\/uploads\/2023\/08\/recal-media-ueBIGLmiI5A-unsplash.jpg 2048w, https:\/\/aquasunhotel.vn\/wp-content\/uploads\/2023\/08\/recal-media-ueBIGLmiI5A-unsplash-300x200.jpg 300w, https:\/\/aquasunhotel.vn\/wp-content\/uploads\/2023\/08\/recal-media-ueBIGLmiI5A-unsplash-1024x684.jpg 1024w, https:\/\/aquasunhotel.vn\/wp-content\/uploads\/2023\/08\/recal-media-ueBIGLmiI5A-unsplash-768x513.jpg 768w, https:\/\/aquasunhotel.vn\/wp-content\/uploads\/2023\/08\/recal-media-ueBIGLmiI5A-unsplash-1536x1025.jpg 1536w\" sizes=\"(max-width: 2048px) 100vw, 2048px\" \/>\n                <\/div>\n                <\/a>\n                <div class=\"elementskit-box-body ekit-image-box-body\">\n                    <div class=\"elementskit-box-content ekit-image-box-body-inner\">\n                                                <h3 class=\"elementskit-info-box-title\">\n\n                        Helios Suite With Sea View\n                        \n                    <\/h3>\n                                                            <div class=\"elementskit-box-style-content\">\n                        H\u1ea1ng ph\u00f2ng Suite cao c\u1ea5p \u0111\u01b0\u1ee3c b\u1ed1 tr\u00ed t\u1ea1i  nh\u1eefng t\u1ea7ng cao nh\u1ea5t c\u1ee7a kh\u00e1ch s\u1ea1n \u0111\u1ec3 d\u00e0nh cho nh\u1eefng c\u1eb7p \u0111\u00f4i l\u00e3nh m\u1ea1n v\u1edbi lu\u1ed3ng gi\u00f3 bi\u1ec3n m\u00e1t m\u1ebb tr\u1ef1c di\u1ec7n v\u00e0 \u00e1nh n\u1eafng \u1ea5m \u00e1p c\u1ee7a v\u00f9ng kh\u00ed h\u1eadu ph\u00eda Nam \u0111\u1ea5t n\u01b0\u1edbc.                     <\/div>\n                                    <\/div>\n\n                            <\/div>\n            <\/div>\n    <\/div>\t\t\t\t<\/div>\n\t\t\t\t<\/div>\n\t\t\t\t\t<\/div>\n\t\t<\/div>\n\t\t\t\t<div class=\"elementor-column elementor-col-33 elementor-inner-column elementor-element elementor-element-4a592f9\" data-id=\"4a592f9\" data-element_type=\"column\">\n\t\t\t<div class=\"elementor-widget-wrap elementor-element-populated\">\n\t\t\t\t\t\t<div class=\"elementor-element elementor-element-f77c32e ekit-equal-height-enable elementor-widget elementor-widget-elementskit-image-box\" data-id=\"f77c32e\" data-element_type=\"widget\" data-widget_type=\"elementskit-image-box.default\">\n\t\t\t\t<div class=\"elementor-widget-container\">\n\t\t\t\t\t<div class=\"ekit-wid-con\" >\n            <div class=\"elementskit-info-image-box ekit-image-box text-left style-sideline\" >\n\n                <a href=\"https:\/\/aquasunhotel.vn\/room\/hera-family\/\">\n                <div class=\"elementskit-box-header image-box-img-left\">\n\n                    <img decoding=\"async\" width=\"2048\" height=\"1367\" src=\"https:\/\/aquasunhotel.vn\/wp-content\/uploads\/2023\/08\/Bed_Hera-Family-8.jpg\" class=\"attachment-full size-full wp-image-2825\" alt=\"\" srcset=\"https:\/\/aquasunhotel.vn\/wp-content\/uploads\/2023\/08\/Bed_Hera-Family-8.jpg 2048w, https:\/\/aquasunhotel.vn\/wp-content\/uploads\/2023\/08\/Bed_Hera-Family-8-300x200.jpg 300w, https:\/\/aquasunhotel.vn\/wp-content\/uploads\/2023\/08\/Bed_Hera-Family-8-1024x684.jpg 1024w, https:\/\/aquasunhotel.vn\/wp-content\/uploads\/2023\/08\/Bed_Hera-Family-8-768x513.jpg 768w, https:\/\/aquasunhotel.vn\/wp-content\/uploads\/2023\/08\/Bed_Hera-Family-8-1536x1025.jpg 1536w\" sizes=\"(max-width: 2048px) 100vw, 2048px\" \/>\n                <\/div>\n                <\/a>\n                <div class=\"elementskit-box-body ekit-image-box-body\">\n                    <div class=\"elementskit-box-content ekit-image-box-body-inner\">\n                                                <h3 class=\"elementskit-info-box-title\">\n\n                        Hera Family\n                        \n                    <\/h3>\n                                                            <div class=\"elementskit-box-style-content\">\n                        Mang t\u00ean n\u1eef th\u1ea7n c\u1ee7a gia \u0111\u00ecnh v\u00e0 s\u1ef1 sum v\u1ea7y, c\u0103n ph\u00f2ng n\u00e0y \u0111em t\u1edbi h\u01a1i \u1ea5m \u0111\u01b0\u1ee3c xem nh\u01b0 ng\u00f4i nh\u00e0 thu nh\u1ecf c\u1ee7a b\u1ea1n t\u1ea1i Aquasun Hotel v\u1edbi ban c\u00f4ng nh\u00ecn ra v\u01b0\u1eddn v\u00e0 bi\u1ec3n.                    <\/div>\n                                    <\/div>\n\n                            <\/div>\n            <\/div>\n    <\/div>\t\t\t\t<\/div>\n\t\t\t\t<\/div>\n\t\t\t\t\t<\/div>\n\t\t<\/div>\n\t\t\t\t\t<\/div>\n\t\t<\/section>\n\t\t\t\t<section class=\"elementor-section elementor-inner-section elementor-element elementor-element-12af6a9 elementor-section-boxed elementor-section-height-default elementor-section-height-default\" data-id=\"12af6a9\" data-element_type=\"section\">\n\t\t\t\t\t\t<div class=\"elementor-container elementor-column-gap-default\">\n\t\t\t\t\t<div class=\"elementor-column elementor-col-33 elementor-inner-column elementor-element elementor-element-61e7244\" data-id=\"61e7244\" data-element_type=\"column\">\n\t\t\t<div class=\"elementor-widget-wrap elementor-element-populated\">\n\t\t\t\t\t\t<div class=\"elementor-element elementor-element-620b082 ekit-equal-height-enable elementor-widget elementor-widget-elementskit-image-box\" data-id=\"620b082\" data-element_type=\"widget\" data-widget_type=\"elementskit-image-box.default\">\n\t\t\t\t<div class=\"elementor-widget-container\">\n\t\t\t\t\t<div class=\"ekit-wid-con\" >\n            <div class=\"elementskit-info-image-box ekit-image-box text-left style-sideline\" >\n\n                <a href=\"https:\/\/aquasunhotel.vn\/room\/aura-delight-plus-with-sea-view\/\">\n                <div class=\"elementskit-box-header image-box-img-left\">\n\n                    <img loading=\"lazy\" decoding=\"async\" width=\"2048\" height=\"1280\" src=\"https:\/\/aquasunhotel.vn\/wp-content\/uploads\/2023\/05\/Bed_Aura-Delight-Plus-1.png\" class=\"attachment-full size-full wp-image-2857\" alt=\"\" srcset=\"https:\/\/aquasunhotel.vn\/wp-content\/uploads\/2023\/05\/Bed_Aura-Delight-Plus-1.png 2048w, https:\/\/aquasunhotel.vn\/wp-content\/uploads\/2023\/05\/Bed_Aura-Delight-Plus-1-300x188.png 300w, https:\/\/aquasunhotel.vn\/wp-content\/uploads\/2023\/05\/Bed_Aura-Delight-Plus-1-1024x640.png 1024w, https:\/\/aquasunhotel.vn\/wp-content\/uploads\/2023\/05\/Bed_Aura-Delight-Plus-1-768x480.png 768w, https:\/\/aquasunhotel.vn\/wp-content\/uploads\/2023\/05\/Bed_Aura-Delight-Plus-1-1536x960.png 1536w\" sizes=\"(max-width: 2048px) 100vw, 2048px\" \/>\n                <\/div>\n                <\/a>\n                <div class=\"elementskit-box-body ekit-image-box-body\">\n                    <div class=\"elementskit-box-content ekit-image-box-body-inner\">\n                                                <h3 class=\"elementskit-info-box-title\">\n\n                        Aura Delight Plus with Sea View\n                        \n                    <\/h3>\n                                                            <div class=\"elementskit-box-style-content\">\n                        Ngo\u00e0i mang l\u1ea1i nh\u1eefng c\u1ea3m gi\u00e1c tuy\u1ec7t v\u1eddi c\u1ee7a Aura Delight, h\u1ea1ng ph\u00f2ng n\u00e0y c\u00f2n \u0111\u01b0\u1ee3c \u01b0u \u00e1i th\u00eam b\u1edfi di\u1ec7n t\u00edch r\u1ed9ng r\u00e3i, n\u1eb1m t\u1ea1i nh\u1eefng v\u1ecb tr\u00ed \u0111\u1eb9p c\u1ee7a kh\u00e1ch s\u1ea1n.                     <\/div>\n                                    <\/div>\n\n                            <\/div>\n            <\/div>\n    <\/div>\t\t\t\t<\/div>\n\t\t\t\t<\/div>\n\t\t\t\t\t<\/div>\n\t\t<\/div>\n\t\t\t\t<div class=\"elementor-column elementor-col-33 elementor-inner-column elementor-element elementor-element-8d8f7d1\" data-id=\"8d8f7d1\" data-element_type=\"column\">\n\t\t\t<div class=\"elementor-widget-wrap elementor-element-populated\">\n\t\t\t\t\t\t<div class=\"elementor-element elementor-element-5cca356 ekit-equal-height-enable elementor-widget elementor-widget-elementskit-image-box\" data-id=\"5cca356\" data-element_type=\"widget\" data-widget_type=\"elementskit-image-box.default\">\n\t\t\t\t<div class=\"elementor-widget-container\">\n\t\t\t\t\t<div class=\"ekit-wid-con\" >\n            <div class=\"elementskit-info-image-box ekit-image-box text-left style-sideline\" >\n\n                <a href=\"https:\/\/aquasunhotel.vn\/room\/aura-delight\/\">\n                <div class=\"elementskit-box-header image-box-img-left\">\n\n                    <img loading=\"lazy\" decoding=\"async\" width=\"2048\" height=\"1280\" src=\"https:\/\/aquasunhotel.vn\/wp-content\/uploads\/2023\/05\/Bed_Aura-Delight-2-1.jpg\" class=\"attachment-full size-full wp-image-2858\" alt=\"\" srcset=\"https:\/\/aquasunhotel.vn\/wp-content\/uploads\/2023\/05\/Bed_Aura-Delight-2-1.jpg 2048w, https:\/\/aquasunhotel.vn\/wp-content\/uploads\/2023\/05\/Bed_Aura-Delight-2-1-300x188.jpg 300w, https:\/\/aquasunhotel.vn\/wp-content\/uploads\/2023\/05\/Bed_Aura-Delight-2-1-1024x640.jpg 1024w, https:\/\/aquasunhotel.vn\/wp-content\/uploads\/2023\/05\/Bed_Aura-Delight-2-1-768x480.jpg 768w, https:\/\/aquasunhotel.vn\/wp-content\/uploads\/2023\/05\/Bed_Aura-Delight-2-1-1536x960.jpg 1536w\" sizes=\"(max-width: 2048px) 100vw, 2048px\" \/>\n                <\/div>\n                <\/a>\n                <div class=\"elementskit-box-body ekit-image-box-body\">\n                    <div class=\"elementskit-box-content ekit-image-box-body-inner\">\n                                                <h3 class=\"elementskit-info-box-title\">\n\n                        Aura Delight\n                        \n                    <\/h3>\n                                                            <div class=\"elementskit-box-style-content\">\n                        H\u1ea1ng ph\u00f2ng g\u00e2y \u1ea5n t\u01b0\u1ee3ng v\u1edbi ban c\u00f4ng c\u00f3 t\u1ea7m nh\u00ecn tuy\u1ec7t \u0111\u1eb9p ra th\u00e0nh ph\u1ed1, n\u00fai \u0111\u1ed3i v\u00e0 m\u1ed9t ph\u1ea7n \u0111\u1ea1i d\u01b0\u01a1ng xanh m\u00e1t, t\u1ea1o \u0111\u01b0\u1ee3c c\u1ea3m gi\u00e1c v\u00f4 c\u00f9ng tho\u1ea3i m\u00e1i cho kh\u00e1ch ngh\u1ec9 t\u1ea1i \u0111\u00e2y.                    <\/div>\n                                    <\/div>\n\n                            <\/div>\n            <\/div>\n    <\/div>\t\t\t\t<\/div>\n\t\t\t\t<\/div>\n\t\t\t\t\t<\/div>\n\t\t<\/div>\n\t\t\t\t<div class=\"elementor-column elementor-col-33 elementor-inner-column elementor-element elementor-element-89eeb2b\" data-id=\"89eeb2b\" data-element_type=\"column\">\n\t\t\t<div class=\"elementor-widget-wrap elementor-element-populated\">\n\t\t\t\t\t\t<div class=\"elementor-element elementor-element-5690c70 ekit-equal-height-enable elementor-widget elementor-widget-elementskit-image-box\" data-id=\"5690c70\" data-element_type=\"widget\" data-widget_type=\"elementskit-image-box.default\">\n\t\t\t\t<div class=\"elementor-widget-container\">\n\t\t\t\t\t<div class=\"ekit-wid-con\" >\n            <div class=\"elementskit-info-image-box ekit-image-box text-left style-sideline\" >\n\n                <a href=\"https:\/\/aquasunhotel.vn\/room\/gaia-delight\/\">\n                <div class=\"elementskit-box-header image-box-img-left\">\n\n                    <img loading=\"lazy\" decoding=\"async\" width=\"2048\" height=\"1280\" src=\"https:\/\/aquasunhotel.vn\/wp-content\/uploads\/2023\/08\/Bed_Gaia-Delight-12.jpg\" class=\"attachment-full size-full wp-image-2828\" alt=\"\" srcset=\"https:\/\/aquasunhotel.vn\/wp-content\/uploads\/2023\/08\/Bed_Gaia-Delight-12.jpg 2048w, https:\/\/aquasunhotel.vn\/wp-content\/uploads\/2023\/08\/Bed_Gaia-Delight-12-300x188.jpg 300w, https:\/\/aquasunhotel.vn\/wp-content\/uploads\/2023\/08\/Bed_Gaia-Delight-12-1024x640.jpg 1024w, https:\/\/aquasunhotel.vn\/wp-content\/uploads\/2023\/08\/Bed_Gaia-Delight-12-768x480.jpg 768w, https:\/\/aquasunhotel.vn\/wp-content\/uploads\/2023\/08\/Bed_Gaia-Delight-12-1536x960.jpg 1536w\" sizes=\"(max-width: 2048px) 100vw, 2048px\" \/>\n                <\/div>\n                <\/a>\n                <div class=\"elementskit-box-body ekit-image-box-body\">\n                    <div class=\"elementskit-box-content ekit-image-box-body-inner\">\n                                                <h3 class=\"elementskit-info-box-title\">\n\n                        Gaia Delight\n                        \n                    <\/h3>\n                                                            <div class=\"elementskit-box-style-content\">\n                        Ph\u00f2ng ti\u00eau chu\u1ea9n c\u00f3 thi\u1ebft k\u1ebf hi\u1ec7n \u0111\u1ea1i v\u1edbi c\u1eeda s\u1ed5 l\u1edbn, khi\u00eam t\u1ed1n n\u00e9p m\u00ecnh \u1edf 2 t\u1ea7ng g\u1ea7n l\u1ec5 t\u00e2n c\u1ee7a kh\u00e1ch s\u1ea1n, n\u01a1i b\u1ea1n c\u00f3 th\u1ec3 t\u1eadn h\u01b0\u1edfng quang c\u1ea3nh v\u01b0\u1eddn d\u1eeba y\u00ean b\u00ecnh v\u00e0 t\u0129nh l\u1eb7ng.                    <\/div>\n                                    <\/div>\n\n                            <\/div>\n            <\/div>\n    <\/div>\t\t\t\t<\/div>\n\t\t\t\t<\/div>\n\t\t\t\t\t<\/div>\n\t\t<\/div>\n\t\t\t\t\t<\/div>\n\t\t<\/section>\n\t\t\t\t\t<\/div>\n\t\t<\/div>\n\t\t\t\t\t<\/div>\n\t\t<\/section>\n\t\t\t\t<section class=\"elementor-section elementor-top-section elementor-element elementor-element-f447f1f elementor-section-boxed elementor-section-height-default elementor-section-height-default\" data-id=\"f447f1f\" data-element_type=\"section\" data-settings=\"{&quot;background_background&quot;:&quot;classic&quot;}\">\n\t\t\t\t\t\t\t<div class=\"elementor-background-overlay\"><\/div>\n\t\t\t\t\t\t\t<div class=\"elementor-container elementor-column-gap-default\">\n\t\t\t\t\t<div class=\"elementor-column elementor-col-100 elementor-top-column elementor-element elementor-element-fd45710\" data-id=\"fd45710\" data-element_type=\"column\">\n\t\t\t<div class=\"elementor-widget-wrap\">\n\t\t\t\t\t\t\t<\/div>\n\t\t<\/div>\n\t\t\t\t\t<\/div>\n\t\t<\/section>\n\t\t\t\t<\/div>\n\t\t","protected":false},"excerpt":{"rendered":"<p>Ph\u00f2ng l\u01b0u tr\u00fa 108 ph\u00f2ng l\u01b0u tr\u00fa v\u1edbi 6 h\u1ea1ng kh\u00e1c nhau, n\u1eb1m t\u1ea1i 8 t\u1ea7ng tr\u00ean c\u00f9ng c\u1ee7a kh\u00e1ch s\u1ea1n v\u1edbi view nh\u00ecn ra bi\u1ec3n, th\u00e0nh ph\u1ed1 ho\u1eb7c \u0111\u1ed3i Trang ch\u1ee7 Ph\u00f2ng ngh\u1ec9 Aqua Suite 2 bedroom with Sea view H\u1ea1ng ph\u00f2ng Suite sang tr\u1ecdng \u0111\u01b0\u1ee3c thi\u1ebft k\u1ebf v\u1edbi 2 ph\u00f2ng ng\u1ee7 c\u00f9ng t\u1ea7m [&hellip;]<\/p>\n","protected":false},"author":1,"featured_media":0,"parent":0,"menu_order":0,"comment_status":"closed","ping_status":"closed","template":"elementor_header_footer","meta":{"om_disable_all_campaigns":false,"_monsterinsights_skip_tracking":false,"_monsterinsights_sitenote_active":false,"_monsterinsights_sitenote_note":"","_monsterinsights_sitenote_category":0,"_uf_show_specific_survey":0,"_uf_disable_surveys":false,"footnotes":""},"class_list":["post-122","page","type-page","status-publish","hentry"],"aioseo_notices":[],"lang":"vi","translations":{"vi":122,"en":4325},"pll_sync_post":[],"_links":{"self":[{"href":"https:\/\/aquasunhotel.vn\/index.php?rest_route=\/wp\/v2\/pages\/122"}],"collection":[{"href":"https:\/\/aquasunhotel.vn\/index.php?rest_route=\/wp\/v2\/pages"}],"about":[{"href":"https:\/\/aquasunhotel.vn\/index.php?rest_route=\/wp\/v2\/types\/page"}],"author":[{"embeddable":true,"href":"https:\/\/aquasunhotel.vn\/index.php?rest_route=\/wp\/v2\/users\/1"}],"replies":[{"embeddable":true,"href":"https:\/\/aquasunhotel.vn\/index.php?rest_route=%2Fwp%2Fv2%2Fcomments&post=122"}],"version-history":[{"count":64,"href":"https:\/\/aquasunhotel.vn\/index.php?rest_route=\/wp\/v2\/pages\/122\/revisions"}],"predecessor-version":[{"id":6058,"href":"https:\/\/aquasunhotel.vn\/index.php?rest_route=\/wp\/v2\/pages\/122\/revisions\/6058"}],"wp:attachment":[{"href":"https:\/\/aquasunhotel.vn\/index.php?rest_route=%2Fwp%2Fv2%2Fmedia&parent=122"}],"curies":[{"name":"wp","href":"https:\/\/api.w.org\/{rel}","templated":true}]}}