{"id":124,"date":"2023-04-25T08:56:19","date_gmt":"2023-04-25T08:56:19","guid":{"rendered":"https:\/\/aquasunhotel.vn\/?page_id=124"},"modified":"2023-12-02T04:57:58","modified_gmt":"2023-12-02T04:57:58","slug":"dich-vu","status":"publish","type":"page","link":"https:\/\/aquasunhotel.vn\/?page_id=124","title":{"rendered":"D\u1ecbch v\u1ee5"},"content":{"rendered":"\t\t<div data-elementor-type=\"wp-page\" data-elementor-id=\"124\" class=\"elementor elementor-124\" data-elementor-post-type=\"page\">\n\t\t\t\t\t\t<section class=\"elementor-section elementor-top-section elementor-element elementor-element-c445119 elementor-section-content-middle elementor-section-boxed elementor-section-height-default elementor-section-height-default\" data-id=\"c445119\" data-element_type=\"section\" data-settings=\"{&quot;background_background&quot;:&quot;classic&quot;}\">\n\t\t\t\t\t\t\t<div class=\"elementor-background-overlay\"><\/div>\n\t\t\t\t\t\t\t<div class=\"elementor-container elementor-column-gap-default\">\n\t\t\t\t\t<div class=\"elementor-column elementor-col-100 elementor-top-column elementor-element elementor-element-9b21935\" data-id=\"9b21935\" data-element_type=\"column\">\n\t\t\t<div class=\"elementor-widget-wrap elementor-element-populated\">\n\t\t\t\t\t\t<div class=\"elementor-element elementor-element-3eb81be elementor-invisible elementor-widget elementor-widget-text-editor\" data-id=\"3eb81be\" data-element_type=\"widget\" data-settings=\"{&quot;_animation&quot;:&quot;fadeIn&quot;,&quot;_animation_delay&quot;:720}\" data-widget_type=\"text-editor.default\">\n\t\t\t\t<div class=\"elementor-widget-container\">\n\t\t\t\t\t\t\t\t\t<p>Aquasun Hotel \u0111\u01b0\u1ee3c trang b\u1ecb n\u1ed9i th\u1ea5t cao c\u1ea5p c\u00f9ng c\u00e1c d\u1ecbch v\u1ee5 v\u00e0 ho\u1ea1t \u0111\u1ed9ng gi\u1ea3i tr\u00ed \u0111a d\u1ea1ng d\u00e0nh cho m\u1ecdi nhu c\u1ea7u c\u1ee7a qu\u00fd kh\u00e1ch<\/p>\t\t\t\t\t\t\t\t<\/div>\n\t\t\t\t<\/div>\n\t\t\t\t<div class=\"elementor-element elementor-element-b661523 elementor-icon-list--layout-inline elementor-align-center elementor-list-item-link-full_width elementor-invisible elementor-widget elementor-widget-icon-list\" data-id=\"b661523\" data-element_type=\"widget\" data-settings=\"{&quot;_animation&quot;:&quot;fadeInRight&quot;}\" data-widget_type=\"icon-list.default\">\n\t\t\t\t<div class=\"elementor-widget-container\">\n\t\t\t\t\t\t\t<ul class=\"elementor-icon-list-items elementor-inline-items\">\n\t\t\t\t\t\t\t<li class=\"elementor-icon-list-item elementor-inline-item\">\n\t\t\t\t\t\t\t\t\t\t\t<a href=\"\/\">\n\n\t\t\t\t\t\t\t\t\t\t\t\t<span class=\"elementor-icon-list-icon\">\n\t\t\t\t\t\t\t<i aria-hidden=\"true\" class=\"icomoon icomoon-home\"><\/i>\t\t\t\t\t\t<\/span>\n\t\t\t\t\t\t\t\t\t\t<span class=\"elementor-icon-list-text\">Trang ch\u1ee7<\/span>\n\t\t\t\t\t\t\t\t\t\t\t<\/a>\n\t\t\t\t\t\t\t\t\t<\/li>\n\t\t\t\t\t\t\t\t<li class=\"elementor-icon-list-item elementor-inline-item\">\n\t\t\t\t\t\t\t\t\t\t\t<span class=\"elementor-icon-list-icon\">\n\t\t\t\t\t\t\t<i aria-hidden=\"true\" class=\"fas fa-chevron-right\"><\/i>\t\t\t\t\t\t<\/span>\n\t\t\t\t\t\t\t\t\t\t<span class=\"elementor-icon-list-text\">D\u1ecbch v\u1ee5<\/span>\n\t\t\t\t\t\t\t\t\t<\/li>\n\t\t\t\t\t\t<\/ul>\n\t\t\t\t\t\t<\/div>\n\t\t\t\t<\/div>\n\t\t\t\t<div class=\"elementor-element elementor-element-6920b32 elementor-widget-divider--view-line elementor-widget elementor-widget-divider\" data-id=\"6920b32\" data-element_type=\"widget\" data-widget_type=\"divider.default\">\n\t\t\t\t<div class=\"elementor-widget-container\">\n\t\t\t\t\t\t\t<div class=\"elementor-divider\">\n\t\t\t<span class=\"elementor-divider-separator\">\n\t\t\t\t\t\t<\/span>\n\t\t<\/div>\n\t\t\t\t\t\t<\/div>\n\t\t\t\t<\/div>\n\t\t\t\t\t<\/div>\n\t\t<\/div>\n\t\t\t\t\t<\/div>\n\t\t<\/section>\n\t\t\t\t<section class=\"elementor-section elementor-top-section elementor-element elementor-element-8097561 elementor-section-boxed elementor-section-height-default elementor-section-height-default\" data-id=\"8097561\" data-element_type=\"section\">\n\t\t\t\t\t\t<div class=\"elementor-container elementor-column-gap-default\">\n\t\t\t\t\t<div class=\"elementor-column elementor-col-100 elementor-top-column elementor-element elementor-element-1ee355b3\" data-id=\"1ee355b3\" data-element_type=\"column\">\n\t\t\t<div class=\"elementor-widget-wrap elementor-element-populated\">\n\t\t\t\t\t\t<section class=\"elementor-section elementor-inner-section elementor-element elementor-element-6a9beec3 elementor-section-boxed elementor-section-height-default elementor-section-height-default\" data-id=\"6a9beec3\" data-element_type=\"section\">\n\t\t\t\t\t\t<div class=\"elementor-container elementor-column-gap-default\">\n\t\t\t\t\t<div class=\"elementor-column elementor-col-33 elementor-inner-column elementor-element elementor-element-62685302\" data-id=\"62685302\" data-element_type=\"column\">\n\t\t\t<div class=\"elementor-widget-wrap elementor-element-populated\">\n\t\t\t\t\t\t<div class=\"elementor-element elementor-element-da6f034 ekit-equal-height-enable elementor-widget elementor-widget-elementskit-icon-box\" data-id=\"da6f034\" data-element_type=\"widget\" data-widget_type=\"elementskit-icon-box.default\">\n\t\t\t\t<div class=\"elementor-widget-container\">\n\t\t\t\t\t<div class=\"ekit-wid-con\" >        <!-- link opening -->\n                <!-- end link opening -->\n\n        <div class=\"elementskit-infobox text-center text- icon-top-align elementor-animation-   image-active\">\n                    <div class=\"elementskit-box-header elementor-animation-\">\n                <div class=\"elementskit-info-box-icon  \">\n                    <i aria-hidden=\"true\" class=\"elementkit-infobox-icon fas fa-utensils\"><\/i>\n                <\/div>\n          <\/div>\n                        <div class=\"box-body\">\n                            <h3 class=\"elementskit-info-box-title\">\n                    Nh\u00e0 h\u00e0ng                <\/h3>\n                        \t\t  <p>N\u1eb1m t\u1ea1i t\u1ea7ng 1 c\u1ee7a kh\u00e1ch s\u1ea1n, Aqua-restaurant ph\u1ee5c v\u1ee5 qu\u00fd kh\u00e1ch t\u1eeb nh\u1eefng b\u1eefa s\u00e1ng tr\u00e0n \u0111\u1ea7y n\u0103ng l\u01b0\u1ee3ng \u0111\u1ebfn nh\u1eefng b\u1eefa \u0103n tr\u01b0a hay b\u1eefa t\u1ed1i \u1ea5m c\u00fang.<\/p>\n                                        <div class=\"box-footer disable_hover_button\">\n                    <div class=\"btn-wraper\">\n                                                            <a href=\"https:\/\/aquasunhotel.vn\/nha-hang\/\" target=\"_self\" rel=\"\" class=\"elementskit-btn whitespace--normal elementor-animation-grow\">\n                                        Xem th\u00eam                                    <\/a>\n                                                        <\/div>\n                <\/div>\n                    <\/div>\n        \n                            \n                <\/div>\n        <\/div>\t\t\t\t<\/div>\n\t\t\t\t<\/div>\n\t\t\t\t\t<\/div>\n\t\t<\/div>\n\t\t\t\t<div class=\"elementor-column elementor-col-33 elementor-inner-column elementor-element elementor-element-a98d40a\" data-id=\"a98d40a\" data-element_type=\"column\">\n\t\t\t<div class=\"elementor-widget-wrap elementor-element-populated\">\n\t\t\t\t\t\t<div class=\"elementor-element elementor-element-25d960e0 ekit-equal-height-enable elementor-widget elementor-widget-elementskit-icon-box\" data-id=\"25d960e0\" data-element_type=\"widget\" data-widget_type=\"elementskit-icon-box.default\">\n\t\t\t\t<div class=\"elementor-widget-container\">\n\t\t\t\t\t<div class=\"ekit-wid-con\" >        <!-- link opening -->\n                <!-- end link opening -->\n\n        <div class=\"elementskit-infobox text-center text- icon-top-align elementor-animation-   image-active\">\n                    <div class=\"elementskit-box-header elementor-animation-\">\n                <div class=\"elementskit-info-box-icon  \">\n                    <i aria-hidden=\"true\" class=\"elementkit-infobox-icon fas fa-people-arrows\"><\/i>\n                <\/div>\n          <\/div>\n                        <div class=\"box-body\">\n                            <h3 class=\"elementskit-info-box-title\">\n                    Ph\u00f2ng h\u1ecdp                <\/h3>\n                        \t\t  <p>B\u1ea1n \u0111ang t\u00ecm \u0111\u1ecba \u0111i\u1ec3m t\u1ed1t nh\u1ea5t cho cu\u1ed9c h\u1ecdp quan tr\u1ecdng v\u1edbi \u0111\u1ed1i t\u00e1c, bu\u1ed5i ti\u1ec7c g\u1eafn k\u1ebft nh\u00e2n vi\u00ean, hay bu\u1ed5i l\u1ec5 ghi l\u1ea1i d\u1ea5u \u1ea5n \u0111\u1eb7c bi\u1ec7t c\u1ee7a c\u00f4ng ty?<\/p>\n                                        <div class=\"box-footer disable_hover_button\">\n                    <div class=\"btn-wraper\">\n                                                            <a href=\"https:\/\/aquasunhotel.vn\/phong-hop\/\" target=\"_self\" rel=\"\" class=\"elementskit-btn whitespace--normal elementor-animation-grow\">\n                                        Xem th\u00eam                                    <\/a>\n                                                        <\/div>\n                <\/div>\n                    <\/div>\n        \n                            \n                <\/div>\n        <\/div>\t\t\t\t<\/div>\n\t\t\t\t<\/div>\n\t\t\t\t\t<\/div>\n\t\t<\/div>\n\t\t\t\t<div class=\"elementor-column elementor-col-33 elementor-inner-column elementor-element elementor-element-1403b55f\" data-id=\"1403b55f\" data-element_type=\"column\">\n\t\t\t<div class=\"elementor-widget-wrap elementor-element-populated\">\n\t\t\t\t\t\t<div class=\"elementor-element elementor-element-43f3e80c ekit-equal-height-enable elementor-widget elementor-widget-elementskit-icon-box\" data-id=\"43f3e80c\" data-element_type=\"widget\" data-widget_type=\"elementskit-icon-box.default\">\n\t\t\t\t<div class=\"elementor-widget-container\">\n\t\t\t\t\t<div class=\"ekit-wid-con\" >        <!-- link opening -->\n                <!-- end link opening -->\n\n        <div class=\"elementskit-infobox text-center text- icon-top-align elementor-animation-   image-active\">\n                    <div class=\"elementskit-box-header elementor-animation-\">\n                <div class=\"elementskit-info-box-icon  \">\n                    <i aria-hidden=\"true\" class=\"elementkit-infobox-icon fas fa-cocktail\"><\/i>\n                <\/div>\n          <\/div>\n                        <div class=\"box-body\">\n                            <h3 class=\"elementskit-info-box-title\">\n                    Rooftop                <\/h3>\n                        \t\t  <p>T\u1ea1m g\u00e1c l\u1ea1i nh\u1eefng lo toan \u01b0u phi\u1ec1n c\u1ee7a 1 ng\u00e0y d\u00e0i v\u00e0 t\u1eadn h\u01b0\u1edfng nh\u1eefng kho\u1ea3ng kh\u1eafc b\u00ecnh y\u00ean nh\u1eb9 nh\u00e0ng t\u1ea1i Edenmoon Bar tr\u00ean t\u1ea7ng 11 c\u1ee7a kh\u00e1ch s\u1ea1n.<\/p>\n                                        <div class=\"box-footer disable_hover_button\">\n                    <div class=\"btn-wraper\">\n                                                            <a href=\"https:\/\/aquasunhotelvn\/poolbar\/\" target=\"_self\" rel=\"\" class=\"elementskit-btn whitespace--normal elementor-animation-grow\">\n                                        Xem th\u00eam                                    <\/a>\n                                                        <\/div>\n                <\/div>\n                    <\/div>\n        \n                            \n                <\/div>\n        <\/div>\t\t\t\t<\/div>\n\t\t\t\t<\/div>\n\t\t\t\t\t<\/div>\n\t\t<\/div>\n\t\t\t\t\t<\/div>\n\t\t<\/section>\n\t\t\t\t<section class=\"elementor-section elementor-inner-section elementor-element elementor-element-63b9aec elementor-section-boxed elementor-section-height-default elementor-section-height-default\" data-id=\"63b9aec\" data-element_type=\"section\">\n\t\t\t\t\t\t<div class=\"elementor-container elementor-column-gap-default\">\n\t\t\t\t\t<div class=\"elementor-column elementor-col-33 elementor-inner-column elementor-element elementor-element-a010571\" data-id=\"a010571\" data-element_type=\"column\">\n\t\t\t<div class=\"elementor-widget-wrap elementor-element-populated\">\n\t\t\t\t\t\t<div class=\"elementor-element elementor-element-c8ed3e1 ekit-equal-height-enable elementor-widget elementor-widget-elementskit-icon-box\" data-id=\"c8ed3e1\" data-element_type=\"widget\" data-widget_type=\"elementskit-icon-box.default\">\n\t\t\t\t<div class=\"elementor-widget-container\">\n\t\t\t\t\t<div class=\"ekit-wid-con\" >        <!-- link opening -->\n                <!-- end link opening -->\n\n        <div class=\"elementskit-infobox text-center text- icon-top-align elementor-animation-   image-active\">\n                    <div class=\"elementskit-box-header elementor-animation-\">\n                <div class=\"elementskit-info-box-icon  \">\n                    <i aria-hidden=\"true\" class=\"elementkit-infobox-icon fas fa-swimming-pool\"><\/i>\n                <\/div>\n          <\/div>\n                        <div class=\"box-body\">\n                            <h3 class=\"elementskit-info-box-title\">\n                    H\u1ed3 b\u01a1i                <\/h3>\n                        \t\t  <p>H\u1ed3 b\u01a1i tr\u00e0n vi\u1ec1n ngo\u00e0i tr\u1eddi t\u1ea1i t\u1ea7ng 11, t\u1ea7ng cao nh\u1ea5t c\u1ee7a kh\u00e1ch s\u1ea1n, h\u1ed3 b\u01a1i m\u1edf ra t\u1ea7m nh\u00ecn tho\u00e1ng \u0111\u00e3ng v\u1edbi view bi\u1ec3n v\u00e0 n\u00fai bao quanh th\u1eadt th\u01a1 m\u1ed9ng v\u00e0 quy\u1ebfn r\u0169.<\/p>\n                                <\/div>\n        \n                            \n                <\/div>\n        <\/div>\t\t\t\t<\/div>\n\t\t\t\t<\/div>\n\t\t\t\t\t<\/div>\n\t\t<\/div>\n\t\t\t\t<div class=\"elementor-column elementor-col-33 elementor-inner-column elementor-element elementor-element-9fb279e\" data-id=\"9fb279e\" data-element_type=\"column\">\n\t\t\t<div class=\"elementor-widget-wrap elementor-element-populated\">\n\t\t\t\t\t\t<div class=\"elementor-element elementor-element-b1eefdc ekit-equal-height-enable elementor-widget elementor-widget-elementskit-icon-box\" data-id=\"b1eefdc\" data-element_type=\"widget\" data-widget_type=\"elementskit-icon-box.default\">\n\t\t\t\t<div class=\"elementor-widget-container\">\n\t\t\t\t\t<div class=\"ekit-wid-con\" >        <!-- link opening -->\n                <!-- end link opening -->\n\n        <div class=\"elementskit-infobox text-center text- icon-top-align elementor-animation-   image-active\">\n                    <div class=\"elementskit-box-header elementor-animation-\">\n                <div class=\"elementskit-info-box-icon  \">\n                    <i aria-hidden=\"true\" class=\"elementkit-infobox-icon fas fa-running\"><\/i>\n                <\/div>\n          <\/div>\n                        <div class=\"box-body\">\n                            <h3 class=\"elementskit-info-box-title\">\n                    Gym                <\/h3>\n                        \t\t  <p>Ph\u00f2ng t\u1eadp th\u1ec3 ch\u1ea5t \u0111\u01b0\u1ee3c trang b\u1ecb m\u00e1y m\u00f3c hi\u1ec7n \u0111\u1ea1i nh\u1eb1m h\u1ed7 tr\u1ee3 vi\u1ec7c duy tr\u00ec th\u00f3i quen gi\u1eef g\u00ecn v\u00f3c d\u00e1ng v\u00e0 s\u1ee9c kh\u1ecfe th\u1ec3 ch\u1ea5t cho t\u1ea5t c\u1ea3 c\u00e1c kh\u00e1ch l\u01b0u tr\u00fa. <\/p>\n                                <\/div>\n        \n                            \n                <\/div>\n        <\/div>\t\t\t\t<\/div>\n\t\t\t\t<\/div>\n\t\t\t\t\t<\/div>\n\t\t<\/div>\n\t\t\t\t<div class=\"elementor-column elementor-col-33 elementor-inner-column elementor-element elementor-element-d6f931f\" data-id=\"d6f931f\" data-element_type=\"column\">\n\t\t\t<div class=\"elementor-widget-wrap\">\n\t\t\t\t\t\t\t<\/div>\n\t\t<\/div>\n\t\t\t\t\t<\/div>\n\t\t<\/section>\n\t\t\t\t\t<\/div>\n\t\t<\/div>\n\t\t\t\t\t<\/div>\n\t\t<\/section>\n\t\t\t\t<section class=\"elementor-section elementor-top-section elementor-element elementor-element-0087320 elementor-section-boxed elementor-section-height-default elementor-section-height-default\" data-id=\"0087320\" data-element_type=\"section\" data-settings=\"{&quot;background_background&quot;:&quot;classic&quot;}\">\n\t\t\t\t\t\t\t<div class=\"elementor-background-overlay\"><\/div>\n\t\t\t\t\t\t\t<div class=\"elementor-container elementor-column-gap-default\">\n\t\t\t\t\t<div class=\"elementor-column elementor-col-100 elementor-top-column elementor-element elementor-element-030a552\" data-id=\"030a552\" data-element_type=\"column\">\n\t\t\t<div class=\"elementor-widget-wrap elementor-element-populated\">\n\t\t\t\t\t\t<section class=\"elementor-section elementor-inner-section elementor-element elementor-element-831ca90 elementor-section-boxed elementor-section-height-default elementor-section-height-default\" data-id=\"831ca90\" data-element_type=\"section\">\n\t\t\t\t\t\t<div class=\"elementor-container elementor-column-gap-default\">\n\t\t\t\t\t<div class=\"elementor-column elementor-col-100 elementor-inner-column elementor-element elementor-element-b1e6e26 elementor-invisible\" data-id=\"b1e6e26\" data-element_type=\"column\" data-settings=\"{&quot;animation&quot;:&quot;fadeIn&quot;}\">\n\t\t\t<div class=\"elementor-widget-wrap elementor-element-populated\">\n\t\t\t\t\t\t<div class=\"elementor-element elementor-element-bdbc531 elementor-widget elementor-widget-heading\" data-id=\"bdbc531\" data-element_type=\"widget\" data-widget_type=\"heading.default\">\n\t\t\t\t<div class=\"elementor-widget-container\">\n\t\t\t\t\t<h2 class=\"elementor-heading-title elementor-size-default\">T\u1eacN H\u01af\u1edeNG NH\u1eeeNG KHO\u1ea2NG KH\u1eaeC \u0110\u00c1NG NH\u1eda<\/h2>\t\t\t\t<\/div>\n\t\t\t\t<\/div>\n\t\t\t\t<div class=\"elementor-element elementor-element-cb32fd8 elementor-widget elementor-widget-heading\" data-id=\"cb32fd8\" data-element_type=\"widget\" data-widget_type=\"heading.default\">\n\t\t\t\t<div class=\"elementor-widget-container\">\n\t\t\t\t\t<h2 class=\"elementor-heading-title elementor-size-default\">Qu\u00fd kh\u00e1ch \u0111ang t\u00ecm \u0111\u1ecba \u0111i\u1ec3m \u0111\u1ec3 l\u00e0m ti\u1ec7c?<\/h2>\t\t\t\t<\/div>\n\t\t\t\t<\/div>\n\t\t\t\t<div class=\"elementor-element elementor-element-099e38f elementor-widget__width-initial elementor-widget elementor-widget-text-editor\" data-id=\"099e38f\" data-element_type=\"widget\" data-widget_type=\"text-editor.default\">\n\t\t\t\t<div class=\"elementor-widget-container\">\n\t\t\t\t\t\t\t\t\t<p>V\u1edbi \u0111\u1ed9i ng\u0169 nh\u00e2n vi\u00ean chuy\u00ean nghi\u1ec7p v\u00e0 t\u1eadn t\u00ecnh, c\u00f9ng v\u1edbi ch\u1ea5t l\u01b0\u1ee3ng c\u01a1 s\u1edf v\u1eadt ch\u1ea5t \u0111\u1ea7y \u0111\u1ee7, qu\u00fd kh\u00e1ch c\u00f3 th\u1ec3 y\u00ean t\u00e2m g\u1eedi g\u1eafm k\u1ebf ho\u1ea1ch cho nh\u1eefng b\u1eefa ti\u1ec7c \u0111\u00e3 \u1ea5p \u1ee7 t\u1eeb l\u00e2u. Aquasun c\u00f3 khu v\u1ef1c nh\u00e0 h\u00e0ng, s\u00e2n v\u01b0\u1eddn, ph\u00f2ng h\u1ecdp v\u00e0 poolbar \u0111\u1ec3 \u0111\u00e1p \u1ee9ng cho nh\u1eefng bu\u1ed5i team building, ti\u1ec7c BBQ ngo\u00e0i tr\u1eddi s\u00f4i \u0111\u1ed9ng hay nh\u1eefng gala dinner \u0111\u1ea7y c\u1ea3m x\u00fac.<\/p>\t\t\t\t\t\t\t\t<\/div>\n\t\t\t\t<\/div>\n\t\t\t\t<div class=\"elementor-element elementor-element-329f4de elementor-align-left elementor-widget__width-initial elementor-widget elementor-widget-button\" data-id=\"329f4de\" data-element_type=\"widget\" data-widget_type=\"button.default\">\n\t\t\t\t<div class=\"elementor-widget-container\">\n\t\t\t\t\t\t\t\t\t<div class=\"elementor-button-wrapper\">\n\t\t\t\t\t<a class=\"elementor-button elementor-button-link elementor-size-sm elementor-animation-grow\" href=\"mailto:dos@aquasun.com.vn\">\n\t\t\t\t\t\t<span class=\"elementor-button-content-wrapper\">\n\t\t\t\t\t\t\t\t\t<span class=\"elementor-button-text\">\u0110\u1eb7t qua email<\/span>\n\t\t\t\t\t<\/span>\n\t\t\t\t\t<\/a>\n\t\t\t\t<\/div>\n\t\t\t\t\t\t\t\t<\/div>\n\t\t\t\t<\/div>\n\t\t\t\t<div class=\"elementor-element elementor-element-80795fb elementor-align-left elementor-widget__width-initial elementor-widget elementor-widget-button\" data-id=\"80795fb\" data-element_type=\"widget\" data-widget_type=\"button.default\">\n\t\t\t\t<div class=\"elementor-widget-container\">\n\t\t\t\t\t\t\t\t\t<div class=\"elementor-button-wrapper\">\n\t\t\t\t\t<a class=\"elementor-button elementor-button-link elementor-size-sm elementor-animation-grow\" href=\"tel:0933122275\">\n\t\t\t\t\t\t<span class=\"elementor-button-content-wrapper\">\n\t\t\t\t\t\t\t\t\t<span class=\"elementor-button-text\">\u0110\u1eb7t qua hotline<\/span>\n\t\t\t\t\t<\/span>\n\t\t\t\t\t<\/a>\n\t\t\t\t<\/div>\n\t\t\t\t\t\t\t\t<\/div>\n\t\t\t\t<\/div>\n\t\t\t\t\t<\/div>\n\t\t<\/div>\n\t\t\t\t\t<\/div>\n\t\t<\/section>\n\t\t\t\t\t<\/div>\n\t\t<\/div>\n\t\t\t\t\t<\/div>\n\t\t<\/section>\n\t\t\t\t<\/div>\n\t\t","protected":false},"excerpt":{"rendered":"<p>Aquasun Hotel \u0111\u01b0\u1ee3c trang b\u1ecb n\u1ed9i th\u1ea5t cao c\u1ea5p c\u00f9ng c\u00e1c d\u1ecbch v\u1ee5 v\u00e0 ho\u1ea1t \u0111\u1ed9ng gi\u1ea3i tr\u00ed \u0111a d\u1ea1ng d\u00e0nh cho m\u1ecdi nhu c\u1ea7u c\u1ee7a qu\u00fd kh\u00e1ch Trang ch\u1ee7 D\u1ecbch v\u1ee5 Nh\u00e0 h\u00e0ng N\u1eb1m t\u1ea1i t\u1ea7ng 1 c\u1ee7a kh\u00e1ch s\u1ea1n, Aqua-restaurant ph\u1ee5c v\u1ee5 qu\u00fd kh\u00e1ch t\u1eeb nh\u1eefng b\u1eefa s\u00e1ng tr\u00e0n \u0111\u1ea7y n\u0103ng l\u01b0\u1ee3ng \u0111\u1ebfn [&hellip;]<\/p>\n","protected":false},"author":1,"featured_media":0,"parent":0,"menu_order":0,"comment_status":"closed","ping_status":"closed","template":"elementor_header_footer","meta":{"om_disable_all_campaigns":false,"_monsterinsights_skip_tracking":false,"_monsterinsights_sitenote_active":false,"_monsterinsights_sitenote_note":"","_monsterinsights_sitenote_category":0,"_uf_show_specific_survey":0,"_uf_disable_surveys":false,"footnotes":""},"class_list":["post-124","page","type-page","status-publish","hentry"],"aioseo_notices":[],"lang":"vi","translations":{"vi":124,"en":4486},"pll_sync_post":[],"_links":{"self":[{"href":"https:\/\/aquasunhotel.vn\/index.php?rest_route=\/wp\/v2\/pages\/124"}],"collection":[{"href":"https:\/\/aquasunhotel.vn\/index.php?rest_route=\/wp\/v2\/pages"}],"about":[{"href":"https:\/\/aquasunhotel.vn\/index.php?rest_route=\/wp\/v2\/types\/page"}],"author":[{"embeddable":true,"href":"https:\/\/aquasunhotel.vn\/index.php?rest_route=\/wp\/v2\/users\/1"}],"replies":[{"embeddable":true,"href":"https:\/\/aquasunhotel.vn\/index.php?rest_route=%2Fwp%2Fv2%2Fcomments&post=124"}],"version-history":[{"count":154,"href":"https:\/\/aquasunhotel.vn\/index.php?rest_route=\/wp\/v2\/pages\/124\/revisions"}],"predecessor-version":[{"id":5828,"href":"https:\/\/aquasunhotel.vn\/index.php?rest_route=\/wp\/v2\/pages\/124\/revisions\/5828"}],"wp:attachment":[{"href":"https:\/\/aquasunhotel.vn\/index.php?rest_route=%2Fwp%2Fv2%2Fmedia&parent=124"}],"curies":[{"name":"wp","href":"https:\/\/api.w.org\/{rel}","templated":true}]}}